{"id":2456,"date":"2023-12-20T08:59:02","date_gmt":"2023-12-20T07:59:02","guid":{"rendered":"https:\/\/wizardly-villani.116-202-24-104.plesk.page\/agb\/"},"modified":"2024-02-11T18:52:15","modified_gmt":"2024-02-11T17:52:15","slug":"agb","status":"publish","type":"page","link":"https:\/\/fsrlogistik.de\/ru\/agb\/","title":{"rendered":"AGB"},"content":{"rendered":"<style>.kb-row-layout-id1607_451c32-fd > .kt-row-column-wrap{align-content:start;}:where(.kb-row-layout-id1607_451c32-fd > .kt-row-column-wrap) > .wp-block-kadence-column{justify-content:start;}.kb-row-layout-id1607_451c32-fd > .kt-row-column-wrap{column-gap:var(--global-kb-gap-md, 2rem);row-gap:var(--global-kb-gap-md, 2rem);max-width:var( --global-content-width, 1290px );padding-left:var(--global-content-edge-padding);padding-right:var(--global-content-edge-padding);padding-top:80px;padding-right:20px;padding-bottom:100px;padding-left:20px;grid-template-columns:minmax(0, 1fr);}.kb-row-layout-id1607_451c32-fd > .kt-row-layout-overlay{opacity:0.30;}@media all and (max-width: 1024px){.kb-row-layout-id1607_451c32-fd > .kt-row-column-wrap{padding-top:40px;padding-right:150px;padding-bottom:40px;padding-left:150px;grid-template-columns:minmax(0, 1fr);}}@media all and (max-width: 767px){.kb-row-layout-id1607_451c32-fd > .kt-row-column-wrap{padding-top:40px;padding-right:20px;padding-bottom:20px;padding-left:20px;grid-template-columns:minmax(0, 1fr);}}<\/style><div class=\"kb-row-layout-wrap kb-row-layout-id1607_451c32-fd alignnone wp-block-kadence-rowlayout\"><div class=\"kt-row-column-wrap kt-has-1-columns kt-row-layout-equal kt-tab-layout-inherit kt-mobile-layout-row kt-row-valign-top kb-theme-content-width\">\n<style>.kadence-column1607_894a3c-26 > .kt-inside-inner-col,.kadence-column1607_894a3c-26 > .kt-inside-inner-col:before{border-top-left-radius:0px;border-top-right-radius:0px;border-bottom-right-radius:0px;border-bottom-left-radius:0px;}.kadence-column1607_894a3c-26 > .kt-inside-inner-col{column-gap:var(--global-kb-gap-sm, 1rem);}.kadence-column1607_894a3c-26 > .kt-inside-inner-col{flex-direction:column;}.kadence-column1607_894a3c-26 > .kt-inside-inner-col > .aligncenter{width:100%;}.kadence-column1607_894a3c-26 > .kt-inside-inner-col:before{opacity:0.3;}.kadence-column1607_894a3c-26{position:relative;}@media all and (max-width: 1024px){.kadence-column1607_894a3c-26 > .kt-inside-inner-col{flex-direction:column;justify-content:center;}}@media all and (max-width: 767px){.kadence-column1607_894a3c-26 > .kt-inside-inner-col{flex-direction:column;justify-content:center;}}<\/style>\n<div class=\"wp-block-kadence-column kadence-column1607_894a3c-26 inner-column-1\"><div class=\"kt-inside-inner-col\"><style>.kb-row-layout-id1607_aac7d5-d0 > .kt-row-column-wrap{align-content:start;}:where(.kb-row-layout-id1607_aac7d5-d0 > .kt-row-column-wrap) > .wp-block-kadence-column{justify-content:start;}.kb-row-layout-id1607_aac7d5-d0 > .kt-row-column-wrap{column-gap:var(--global-kb-gap-md, 2rem);row-gap:var(--global-kb-gap-md, 2rem);padding-top:45px;padding-bottom:80px;grid-template-columns:minmax(0, 1fr);}.kb-row-layout-id1607_aac7d5-d0 > .kt-row-layout-overlay{opacity:0.30;}@media all and (max-width: 1024px){.kb-row-layout-id1607_aac7d5-d0 > .kt-row-column-wrap{grid-template-columns:minmax(0, 1fr);}}@media all and (max-width: 767px){.kb-row-layout-id1607_aac7d5-d0 > .kt-row-column-wrap{padding-top:15px;padding-right:0px;padding-bottom:60px;padding-left:0px;grid-template-columns:minmax(0, 1fr);}}<\/style><div class=\"kb-row-layout-wrap kb-row-layout-id1607_aac7d5-d0 alignnone wp-block-kadence-rowlayout\"><div class=\"kt-row-column-wrap kt-has-1-columns kt-row-layout-equal kt-tab-layout-inherit kt-mobile-layout-row kt-row-valign-top\">\n<style>.kadence-column1607_3e3c59-96 > .kt-inside-inner-col,.kadence-column1607_3e3c59-96 > .kt-inside-inner-col:before{border-top-left-radius:0px;border-top-right-radius:0px;border-bottom-right-radius:0px;border-bottom-left-radius:0px;}.kadence-column1607_3e3c59-96 > .kt-inside-inner-col{column-gap:var(--global-kb-gap-sm, 1rem);}.kadence-column1607_3e3c59-96 > .kt-inside-inner-col{flex-direction:column;}.kadence-column1607_3e3c59-96 > .kt-inside-inner-col > .aligncenter{width:100%;}.kadence-column1607_3e3c59-96 > .kt-inside-inner-col:before{opacity:0.3;}.kadence-column1607_3e3c59-96{position:relative;}@media all and (max-width: 1024px){.kadence-column1607_3e3c59-96 > .kt-inside-inner-col{flex-direction:column;justify-content:center;}}@media all and (max-width: 767px){.kadence-column1607_3e3c59-96 > .kt-inside-inner-col{flex-direction:column;justify-content:center;}}<\/style>\n<div class=\"wp-block-kadence-column kadence-column1607_3e3c59-96 inner-column-2\"><div class=\"kt-inside-inner-col\">\n<p>Wir, die FSR Logistik &amp; Trading GmbH, arbeiten ausschlie\u00dflich nach der neuesten Fassung der Allgemeinen Deutschen Spediteurbedingungen 2017 (ADSp 2017). Die ADSp 2017 beschr\u00e4nken in Ziffer 23 die gesetzliche Haftung f\u00fcr G\u00fctersch\u00e4den nach \u00a7 431 HGB in H\u00f6he von 8,33 SZR\/kg je Schadenfall bzw. je Schadenereignis auf 1,25 Millionen bzw. 2,5 Millionen Euro oder 2 SZR\/kg, je nachdem, welcher Betrag h\u00f6her ist, und bei multimodalen Transporten unter Einschluss einer Seebef\u00f6rderung generell auf 2 SZR\/kg.<\/p>\n\n\n\n<p>Sofern unsererseits ein Bill of Lading ausgestellt wurde, gelten ausschlie\u00dflich die dort auf der Vorder- bzw. R\u00fcckseite genannten Bedingungen.<\/p>\n\n\n\n<p>Einzelne Bedingungswerke k\u00f6nnen u. a. unter den folgenden Links aufgerufen werden:<\/p>\n\n\n<style>.wp-block-kadence-iconlist.kt-svg-icon-list-items1607_aebd2a-20:not(.this-stops-third-party-issues){margin-top:0px;margin-bottom:0px;}.wp-block-kadence-iconlist.kt-svg-icon-list-items1607_aebd2a-20 ul.kt-svg-icon-list:not(.this-prevents-issues):not(.this-stops-third-party-issues):not(.tijsloc){margin-top:0px;margin-right:0px;margin-bottom:var(--global-kb-spacing-sm, 1.5rem);margin-left:0px;}.wp-block-kadence-iconlist.kt-svg-icon-list-items1607_aebd2a-20 ul.kt-svg-icon-list{grid-row-gap:5px;}.wp-block-kadence-iconlist.kt-svg-icon-list-items1607_aebd2a-20 .kb-svg-icon-wrap{color:var(--global-palette1, #3182CE);}.wp-block-kadence-iconlist.kt-svg-icon-list-items1607_aebd2a-20 ul.kt-svg-icon-list .kt-svg-icon-list-item-wrap .kt-svg-icon-list-single{margin-right:10px;}.kt-svg-icon-list-items1607_aebd2a-20 ul.kt-svg-icon-list .kt-svg-icon-list-level-0 .kt-svg-icon-list-single svg{font-size:20px;}<\/style>\n<div class=\"wp-block-kadence-iconlist kt-svg-icon-list-items kt-svg-icon-list-items1607_aebd2a-20 kt-svg-icon-list-columns-1 alignnone\"><ul class=\"kt-svg-icon-list\"><style>.kt-svg-icon-list-item-1607_d62957-0d .kt-svg-icon-list-text mark.kt-highlight{background-color:unset;font-style:normal;color:#f76a0c;-webkit-box-decoration-break:clone;box-decoration-break:clone;padding-top:0px;padding-right:0px;padding-bottom:0px;padding-left:0px;}<\/style>\n<li class=\"wp-block-kadence-listitem kt-svg-icon-list-item-wrap kt-svg-icon-list-item-1607_d62957-0d\"><a href=\"https:\/\/www.dslv.org\/de\/adsp\" class=\"kt-svg-icon-link\" target=\"_blank\" rel=\"noopener noreferrer\"><span class=\"kb-svg-icon-wrap kb-svg-icon-fe_externalLink kt-svg-icon-list-single\"><svg viewBox=\"0 0 24 24\"  fill=\"none\" stroke=\"currentColor\" stroke-width=\"2\" stroke-linecap=\"round\" stroke-linejoin=\"round\" xmlns=\"http:\/\/www.w3.org\/2000\/svg\"  aria-hidden=\"true\"><path d=\"M18 13v6a2 2 0 0 1-2 2H5a2 2 0 0 1-2-2V8a2 2 0 0 1 2-2h6\"\/><polyline points=\"15 3 21 3 21 9\"\/><line x1=\"10\" y1=\"14\" x2=\"21\" y2=\"3\"\/><\/svg><\/span><span class=\"kt-svg-icon-list-text\">Allgemeine Deutsche Spediteurbedingungen<\/span><\/a><\/li>\n\n\n<style>.kt-svg-icon-list-item-1607_2e803b-2e .kt-svg-icon-list-text mark.kt-highlight{background-color:unset;font-style:normal;color:#f76a0c;-webkit-box-decoration-break:clone;box-decoration-break:clone;padding-top:0px;padding-right:0px;padding-bottom:0px;padding-left:0px;}<\/style>\n<li class=\"wp-block-kadence-listitem kt-svg-icon-list-item-wrap kt-svg-icon-list-item-1607_2e803b-2e\"><a href=\"https:\/\/fsrlogistik.de\/wp-content\/uploads\/2024\/02\/AGB-FSR-Logistik-und-Trading-GmbH.pdf\" class=\"kt-svg-icon-link\" target=\"_blank\" rel=\"noopener noreferrer\"><span class=\"kb-svg-icon-wrap kb-svg-icon-fas_file-pdf kt-svg-icon-list-single\"><svg viewBox=\"0 0 384 512\"  fill=\"currentColor\" xmlns=\"http:\/\/www.w3.org\/2000\/svg\"  aria-hidden=\"true\"><path d=\"M181.9 256.1c-5-16-4.9-46.9-2-46.9 8.4 0 7.6 36.9 2 46.9zm-1.7 47.2c-7.7 20.2-17.3 43.3-28.4 62.7 18.3-7 39-17.2 62.9-21.9-12.7-9.6-24.9-23.4-34.5-40.8zM86.1 428.1c0 .8 13.2-5.4 34.9-40.2-6.7 6.3-29.1 24.5-34.9 40.2zM248 160h136v328c0 13.3-10.7 24-24 24H24c-13.3 0-24-10.7-24-24V24C0 10.7 10.7 0 24 0h200v136c0 13.2 10.8 24 24 24zm-8 171.8c-20-12.2-33.3-29-42.7-53.8 4.5-18.5 11.6-46.6 6.2-64.2-4.7-29.4-42.4-26.5-47.8-6.8-5 18.3-.4 44.1 8.1 77-11.6 27.6-28.7 64.6-40.8 85.8-.1 0-.1.1-.2.1-27.1 13.9-73.6 44.5-54.5 68 5.6 6.9 16 10 21.5 10 17.9 0 35.7-18 61.1-61.8 25.8-8.5 54.1-19.1 79-23.2 21.7 11.8 47.1 19.5 64 19.5 29.2 0 31.2-32 19.7-43.4-13.9-13.6-54.3-9.7-73.6-7.2zM377 105L279 7c-4.5-4.5-10.6-7-17-7h-6v128h128v-6.1c0-6.3-2.5-12.4-7-16.9zm-74.1 255.3c4.1-2.7-2.5-11.9-42.8-9 37.1 15.8 42.8 9 42.8 9z\"\/><\/svg><\/span><span class=\"kt-svg-icon-list-text\">AGB FSR Logistik und Trading GmbH<\/span><\/a><\/li>\n\n\n<style>.kt-svg-icon-list-item-1607_46dda3-5b .kt-svg-icon-list-text mark.kt-highlight{background-color:unset;font-style:normal;color:#f76a0c;-webkit-box-decoration-break:clone;box-decoration-break:clone;padding-top:0px;padding-right:0px;padding-bottom:0px;padding-left:0px;}<\/style>\n<li class=\"wp-block-kadence-listitem kt-svg-icon-list-item-wrap kt-svg-icon-list-item-1607_46dda3-5b\"><a href=\"https:\/\/fsrlogistik.de\/wp-content\/uploads\/2024\/01\/Uebereinkommen-ueber-den-Befoerderungsvertrag-im-internationalen-Strassengueterverkehr-CMR.pdf\" class=\"kt-svg-icon-link\" target=\"_blank\" rel=\"noopener noreferrer\"><span class=\"kb-svg-icon-wrap kb-svg-icon-fas_file-pdf kt-svg-icon-list-single\"><svg viewBox=\"0 0 384 512\"  fill=\"currentColor\" xmlns=\"http:\/\/www.w3.org\/2000\/svg\"  aria-hidden=\"true\"><path d=\"M181.9 256.1c-5-16-4.9-46.9-2-46.9 8.4 0 7.6 36.9 2 46.9zm-1.7 47.2c-7.7 20.2-17.3 43.3-28.4 62.7 18.3-7 39-17.2 62.9-21.9-12.7-9.6-24.9-23.4-34.5-40.8zM86.1 428.1c0 .8 13.2-5.4 34.9-40.2-6.7 6.3-29.1 24.5-34.9 40.2zM248 160h136v328c0 13.3-10.7 24-24 24H24c-13.3 0-24-10.7-24-24V24C0 10.7 10.7 0 24 0h200v136c0 13.2 10.8 24 24 24zm-8 171.8c-20-12.2-33.3-29-42.7-53.8 4.5-18.5 11.6-46.6 6.2-64.2-4.7-29.4-42.4-26.5-47.8-6.8-5 18.3-.4 44.1 8.1 77-11.6 27.6-28.7 64.6-40.8 85.8-.1 0-.1.1-.2.1-27.1 13.9-73.6 44.5-54.5 68 5.6 6.9 16 10 21.5 10 17.9 0 35.7-18 61.1-61.8 25.8-8.5 54.1-19.1 79-23.2 21.7 11.8 47.1 19.5 64 19.5 29.2 0 31.2-32 19.7-43.4-13.9-13.6-54.3-9.7-73.6-7.2zM377 105L279 7c-4.5-4.5-10.6-7-17-7h-6v128h128v-6.1c0-6.3-2.5-12.4-7-16.9zm-74.1 255.3c4.1-2.7-2.5-11.9-42.8-9 37.1 15.8 42.8 9 42.8 9z\"\/><\/svg><\/span><span class=\"kt-svg-icon-list-text\">\u00dcbereinkommen \u00fcber den Bef\u00f6rderungsvertrag im internationalen Stra\u00dfeng\u00fcterverkehr (CMR)<\/span><\/a><\/li>\n\n\n<style>.kt-svg-icon-list-item-1607_acba34-e2 .kt-svg-icon-list-text mark.kt-highlight{background-color:unset;font-style:normal;color:#f76a0c;-webkit-box-decoration-break:clone;box-decoration-break:clone;padding-top:0px;padding-right:0px;padding-bottom:0px;padding-left:0px;}<\/style>\n<li class=\"wp-block-kadence-listitem kt-svg-icon-list-item-wrap kt-svg-icon-list-item-1607_acba34-e2\"><a href=\"https:\/\/fsrlogistik.de\/wp-content\/uploads\/2024\/01\/Einheitliche-Rechtsvorschriften-fuer-die-internationale-Eisenbahnbefoerderung-von-Guetern-CIM.pdf\" class=\"kt-svg-icon-link\" target=\"_blank\" rel=\"noopener noreferrer\"><span class=\"kb-svg-icon-wrap kb-svg-icon-fas_file-pdf kt-svg-icon-list-single\"><svg viewBox=\"0 0 384 512\"  fill=\"currentColor\" xmlns=\"http:\/\/www.w3.org\/2000\/svg\"  aria-hidden=\"true\"><path d=\"M181.9 256.1c-5-16-4.9-46.9-2-46.9 8.4 0 7.6 36.9 2 46.9zm-1.7 47.2c-7.7 20.2-17.3 43.3-28.4 62.7 18.3-7 39-17.2 62.9-21.9-12.7-9.6-24.9-23.4-34.5-40.8zM86.1 428.1c0 .8 13.2-5.4 34.9-40.2-6.7 6.3-29.1 24.5-34.9 40.2zM248 160h136v328c0 13.3-10.7 24-24 24H24c-13.3 0-24-10.7-24-24V24C0 10.7 10.7 0 24 0h200v136c0 13.2 10.8 24 24 24zm-8 171.8c-20-12.2-33.3-29-42.7-53.8 4.5-18.5 11.6-46.6 6.2-64.2-4.7-29.4-42.4-26.5-47.8-6.8-5 18.3-.4 44.1 8.1 77-11.6 27.6-28.7 64.6-40.8 85.8-.1 0-.1.1-.2.1-27.1 13.9-73.6 44.5-54.5 68 5.6 6.9 16 10 21.5 10 17.9 0 35.7-18 61.1-61.8 25.8-8.5 54.1-19.1 79-23.2 21.7 11.8 47.1 19.5 64 19.5 29.2 0 31.2-32 19.7-43.4-13.9-13.6-54.3-9.7-73.6-7.2zM377 105L279 7c-4.5-4.5-10.6-7-17-7h-6v128h128v-6.1c0-6.3-2.5-12.4-7-16.9zm-74.1 255.3c4.1-2.7-2.5-11.9-42.8-9 37.1 15.8 42.8 9 42.8 9z\"\/><\/svg><\/span><span class=\"kt-svg-icon-list-text\">Einheitliche Rechtsvorschriften f\u00fcr die internationale Eisenbahnbef\u00f6rderung von G\u00fctern (CIM)<\/span><\/a><\/li>\n\n\n<style>.kt-svg-icon-list-item-1607_d2224b-84 .kt-svg-icon-list-text mark.kt-highlight{background-color:unset;font-style:normal;color:#f76a0c;-webkit-box-decoration-break:clone;box-decoration-break:clone;padding-top:0px;padding-right:0px;padding-bottom:0px;padding-left:0px;}<\/style>\n<li class=\"wp-block-kadence-listitem kt-svg-icon-list-item-wrap kt-svg-icon-list-item-1607_d2224b-84\"><a href=\"https:\/\/fsrlogistik.de\/wp-content\/uploads\/2024\/01\/Budapester-Uebereinkommen-ueber-die-Gueterbefoerderung-in-der-Binnenschifffahrt-CMNI.pdf\" class=\"kt-svg-icon-link\" target=\"_blank\" rel=\"noopener noreferrer\"><span class=\"kb-svg-icon-wrap kb-svg-icon-fas_file-pdf kt-svg-icon-list-single\"><svg viewBox=\"0 0 384 512\"  fill=\"currentColor\" xmlns=\"http:\/\/www.w3.org\/2000\/svg\"  aria-hidden=\"true\"><path d=\"M181.9 256.1c-5-16-4.9-46.9-2-46.9 8.4 0 7.6 36.9 2 46.9zm-1.7 47.2c-7.7 20.2-17.3 43.3-28.4 62.7 18.3-7 39-17.2 62.9-21.9-12.7-9.6-24.9-23.4-34.5-40.8zM86.1 428.1c0 .8 13.2-5.4 34.9-40.2-6.7 6.3-29.1 24.5-34.9 40.2zM248 160h136v328c0 13.3-10.7 24-24 24H24c-13.3 0-24-10.7-24-24V24C0 10.7 10.7 0 24 0h200v136c0 13.2 10.8 24 24 24zm-8 171.8c-20-12.2-33.3-29-42.7-53.8 4.5-18.5 11.6-46.6 6.2-64.2-4.7-29.4-42.4-26.5-47.8-6.8-5 18.3-.4 44.1 8.1 77-11.6 27.6-28.7 64.6-40.8 85.8-.1 0-.1.1-.2.1-27.1 13.9-73.6 44.5-54.5 68 5.6 6.9 16 10 21.5 10 17.9 0 35.7-18 61.1-61.8 25.8-8.5 54.1-19.1 79-23.2 21.7 11.8 47.1 19.5 64 19.5 29.2 0 31.2-32 19.7-43.4-13.9-13.6-54.3-9.7-73.6-7.2zM377 105L279 7c-4.5-4.5-10.6-7-17-7h-6v128h128v-6.1c0-6.3-2.5-12.4-7-16.9zm-74.1 255.3c4.1-2.7-2.5-11.9-42.8-9 37.1 15.8 42.8 9 42.8 9z\"\/><\/svg><\/span><span class=\"kt-svg-icon-list-text\">Budapester \u00dcbereinkommen \u00fcber die G\u00fcterbef\u00f6rderung in der Binnenschifffahrt (CMNI)<\/span><\/a><\/li>\n<\/ul><\/div>\n<\/div><\/div>\n\n<\/div><\/div><\/div><\/div>\n\n<\/div><\/div><style>.kb-row-layout-id1672_c831b5-a2 > .kt-row-column-wrap{align-content:start;}:where(.kb-row-layout-id1672_c831b5-a2 > .kt-row-column-wrap) > .wp-block-kadence-column{justify-content:start;}.kb-row-layout-id1672_c831b5-a2 > .kt-row-column-wrap{column-gap:var(--global-kb-gap-md, 2rem);row-gap:var(--global-kb-gap-md, 2rem);max-width:700px;margin-left:auto;margin-right:auto;padding-top:185px;padding-right:20px;padding-bottom:70px;padding-left:20px;grid-template-columns:minmax(0, 1fr);}.kb-row-layout-id1672_c831b5-a2{background-image:url('https:\/\/fsrlogistik.de\/wp-content\/uploads\/2023\/12\/Galerie-01.jpg');background-size:cover;background-position:50% 50%;background-attachment:fixed;background-repeat:no-repeat;}.kb-row-layout-id1672_c831b5-a2 > .kt-row-layout-overlay{opacity:1;background:linear-gradient(180deg,rgba(248,249,250,0) 0%,var(--global-palette4,#000f66) 89%);}@media all and (max-width: 1024px), only screen and (min-device-width: 1024px) and (max-device-width: 1366px) and (-webkit-min-device-pixel-ratio: 2) and (hover: none){.kb-row-layout-id1672_c831b5-a2{background-attachment:scroll;}}@media all and (max-width: 1024px){.kb-row-layout-id1672_c831b5-a2 > .kt-row-column-wrap{padding-top:100px;padding-right:120px;padding-bottom:100px;padding-left:120px;grid-template-columns:minmax(0, 1fr);}}@media all and (max-width: 767px){.kb-row-layout-id1672_c831b5-a2 > .kt-row-column-wrap{padding-top:60px;padding-right:20px;padding-bottom:60px;padding-left:20px;grid-template-columns:minmax(0, 1fr);}}<\/style><div class=\"kb-row-layout-wrap kb-row-layout-id1672_c831b5-a2 alignnone kt-row-has-bg wp-block-kadence-rowlayout\"><div class=\"kt-row-layout-overlay kt-row-overlay-gradient\"><\/div><div class=\"kt-row-column-wrap kt-has-1-columns kt-row-layout-equal kt-tab-layout-inherit kt-mobile-layout-row kt-row-valign-top\">\n<style>.kadence-column1672_63cd9e-b3 > .kt-inside-inner-col{display:flex;}.kadence-column1672_63cd9e-b3 > .kt-inside-inner-col,.kadence-column1672_63cd9e-b3 > .kt-inside-inner-col:before{border-top-left-radius:0px;border-top-right-radius:0px;border-bottom-right-radius:0px;border-bottom-left-radius:0px;}.kadence-column1672_63cd9e-b3 > .kt-inside-inner-col{column-gap:var(--global-kb-gap-sm, 1rem);}.kadence-column1672_63cd9e-b3 > .kt-inside-inner-col{flex-direction:column;justify-content:flex-end;}.kadence-column1672_63cd9e-b3 > .kt-inside-inner-col > .aligncenter{width:100%;}.kt-row-column-wrap > .kadence-column1672_63cd9e-b3{align-self:flex-end;}.kt-inner-column-height-full:not(.kt-has-1-columns) > .wp-block-kadence-column.kadence-column1672_63cd9e-b3{align-self:auto;}.kt-inner-column-height-full:not(.kt-has-1-columns) > .wp-block-kadence-column.kadence-column1672_63cd9e-b3 > .kt-inside-inner-col{flex-direction:column;justify-content:flex-end;}.kadence-column1672_63cd9e-b3 > .kt-inside-inner-col:before{opacity:0.3;}.kadence-column1672_63cd9e-b3{position:relative;}@media all and (max-width: 1024px){.kt-row-column-wrap > .kadence-column1672_63cd9e-b3{align-self:flex-end;}}@media all and (max-width: 1024px){.kt-inner-column-height-full:not(.kt-has-1-columns) > .wp-block-kadence-column.kadence-column1672_63cd9e-b3{align-self:auto;}}@media all and (max-width: 1024px){.kt-inner-column-height-full:not(.kt-has-1-columns) > .wp-block-kadence-column.kadence-column1672_63cd9e-b3 > .kt-inside-inner-col{flex-direction:column;justify-content:flex-end;}}@media all and (max-width: 1024px){.kadence-column1672_63cd9e-b3 > .kt-inside-inner-col{flex-direction:column;justify-content:flex-end;}}@media all and (max-width: 767px){.kt-row-column-wrap > .kadence-column1672_63cd9e-b3{align-self:flex-end;}.kt-inner-column-height-full:not(.kt-has-1-columns) > .wp-block-kadence-column.kadence-column1672_63cd9e-b3{align-self:auto;}.kt-inner-column-height-full:not(.kt-has-1-columns) > .wp-block-kadence-column.kadence-column1672_63cd9e-b3 > .kt-inside-inner-col{flex-direction:column;justify-content:flex-end;}.kadence-column1672_63cd9e-b3 > .kt-inside-inner-col{flex-direction:column;justify-content:flex-end;}}<\/style>\n<div class=\"wp-block-kadence-column kadence-column1672_63cd9e-b3 inner-column-1\"><div class=\"kt-inside-inner-col\"><style>.wp-block-kadence-advancedheading.kt-adv-heading1672_3d42cd-5d, .wp-block-kadence-advancedheading.kt-adv-heading1672_3d42cd-5d[data-kb-block=\"kb-adv-heading1672_3d42cd-5d\"]{text-align:center;font-style:normal;}.wp-block-kadence-advancedheading.kt-adv-heading1672_3d42cd-5d mark.kt-highlight, .wp-block-kadence-advancedheading.kt-adv-heading1672_3d42cd-5d[data-kb-block=\"kb-adv-heading1672_3d42cd-5d\"] mark.kt-highlight{font-style:normal;color:#f76a0c;-webkit-box-decoration-break:clone;box-decoration-break:clone;padding-top:0px;padding-right:0px;padding-bottom:0px;padding-left:0px;}.wp-block-kadence-advancedheading.kt-adv-heading1672_3d42cd-5d img.kb-inline-image, .wp-block-kadence-advancedheading.kt-adv-heading1672_3d42cd-5d[data-kb-block=\"kb-adv-heading1672_3d42cd-5d\"] img.kb-inline-image{width:150px;vertical-align:baseline;}@media all and (max-width: 767px){.wp-block-kadence-advancedheading.kt-adv-heading1672_3d42cd-5d, .wp-block-kadence-advancedheading.kt-adv-heading1672_3d42cd-5d[data-kb-block=\"kb-adv-heading1672_3d42cd-5d\"]{line-height:40px;}}<\/style>\n<h2 class=\"kt-adv-heading1672_3d42cd-5d wp-block-kadence-advancedheading has-theme-palette-9-color has-text-color\" data-kb-block=\"kb-adv-heading1672_3d42cd-5d\">\u041c\u044b \u043a\u043e\u043d\u0441\u0443\u043b\u044c\u0442\u0438\u0440\u0443\u0435\u043c \u0438 \u043e\u043a\u0430\u0437\u044b\u0432\u0430\u0435\u043c \u043f\u043e\u0434\u0434\u0435\u0440\u0436\u043a\u0443 \u043d\u0430\u0448\u0438\u043c \u043a\u043b\u0438\u0435\u043d\u0442\u0430\u043c \u0431\u044b\u0441\u0442\u0440\u043e, \u0431\u0435\u0437\u043e\u043f\u0430\u0441\u043d\u043e \u0438 \u043d\u0430\u0434\u0435\u0436\u043d\u043e.<\/h2>\n\n\n<style>.wp-block-kadence-advancedheading.kt-adv-heading1672_9c5bf4-bd, .wp-block-kadence-advancedheading.kt-adv-heading1672_9c5bf4-bd[data-kb-block=\"kb-adv-heading1672_9c5bf4-bd\"]{text-align:center;font-style:normal;}.wp-block-kadence-advancedheading.kt-adv-heading1672_9c5bf4-bd mark.kt-highlight, .wp-block-kadence-advancedheading.kt-adv-heading1672_9c5bf4-bd[data-kb-block=\"kb-adv-heading1672_9c5bf4-bd\"] mark.kt-highlight{font-style:normal;color:#f76a0c;-webkit-box-decoration-break:clone;box-decoration-break:clone;padding-top:0px;padding-right:0px;padding-bottom:0px;padding-left:0px;}.wp-block-kadence-advancedheading.kt-adv-heading1672_9c5bf4-bd img.kb-inline-image, .wp-block-kadence-advancedheading.kt-adv-heading1672_9c5bf4-bd[data-kb-block=\"kb-adv-heading1672_9c5bf4-bd\"] img.kb-inline-image{width:150px;vertical-align:baseline;}@media all and (max-width: 767px){.wp-block-kadence-advancedheading.kt-adv-heading1672_9c5bf4-bd, .wp-block-kadence-advancedheading.kt-adv-heading1672_9c5bf4-bd[data-kb-block=\"kb-adv-heading1672_9c5bf4-bd\"]{padding-right:20px;padding-left:20px;}}<\/style>\n<p class=\"kt-adv-heading1672_9c5bf4-bd wp-block-kadence-advancedheading has-theme-palette-9-color has-text-color\" data-kb-block=\"kb-adv-heading1672_9c5bf4-bd\">\u0421\u0442\u0430\u043d\u044c\u0442\u0435 \u043e\u0434\u043d\u0438\u043c \u0438\u0437 \u043d\u0430\u0448\u0438\u0445 \u0432\u043e\u0441\u0442\u043e\u0440\u0436\u0435\u043d\u043d\u044b\u0445 \u043a\u043b\u0438\u0435\u043d\u0442\u043e\u0432.<\/p>\n\n\n<style>.wp-block-kadence-advancedbtn.kb-btns1672_89de0b-60{gap:var(--global-kb-gap-xs, 0.5rem );justify-content:center;align-items:center;}.kt-btns1672_89de0b-60 .kt-button{font-weight:normal;font-style:normal;}<\/style>\n<div class=\"wp-block-kadence-advancedbtn kb-buttons-wrap kb-btns1672_89de0b-60\"><style>ul.menu .wp-block-kadence-advancedbtn .kb-btn1672_a3417d-d6.kb-button{width:initial;}<\/style><a class=\"kb-button kt-button button kb-btn1672_a3417d-d6 kt-btn-size-standard kt-btn-width-type-auto kb-btn-global-inherit  kt-btn-has-text-true kt-btn-has-svg-false  wp-block-button__link wp-block-kadence-singlebtn\" href=\"https:\/\/fsrlogistik.de\/ru\/%d1%81%d0%b2%d1%8f%d0%b7%d1%8c\/\"><span class=\"kt-btn-inner-text\">\u0421\u0434\u0435\u043b\u0430\u0439\u0442\u0435 \u0437\u0430\u043f\u0440\u043e\u0441<\/span><\/a><\/div>\n<\/div><\/div>\n\n<\/div><\/div>","protected":false},"excerpt":{"rendered":"<p>Wir, die FSR Logistik &amp; Trading GmbH, arbeiten ausschlie\u00dflich nach der neuesten Fassung der Allgemeinen Deutschen Spediteurbedingungen 2017 (ADSp 2017). Die ADSp 2017 beschr\u00e4nken in Ziffer 23 die gesetzliche Haftung f\u00fcr G\u00fctersch\u00e4den nach \u00a7 431 HGB in H\u00f6he von 8,33 SZR\/kg je Schadenfall bzw. je Schadenereignis auf 1,25 Millionen bzw. 2,5 Millionen Euro oder 2&#8230;<\/p>\n","protected":false},"author":1,"featured_media":0,"parent":0,"menu_order":0,"comment_status":"closed","ping_status":"closed","template":"","meta":{"_kad_blocks_custom_css":"","_kad_blocks_head_custom_js":"","_kad_blocks_body_custom_js":"","_kad_blocks_footer_custom_js":"","_kadence_starter_templates_imported_post":false,"_kad_post_transparent":"","_kad_post_title":"","_kad_post_layout":"","_kad_post_sidebar_id":"","_kad_post_content_style":"","_kad_post_vertical_padding":"","_kad_post_feature":"","_kad_post_feature_position":"","_kad_post_header":false,"_kad_post_footer":false,"_kad_post_classname":"","iawp_total_views":12,"footnotes":""},"class_list":["post-2456","page","type-page","status-publish","hentry"],"taxonomy_info":[],"featured_image_src_large":false,"author_info":{"display_name":"admin","author_link":"https:\/\/fsrlogistik.de\/ru\/author\/jschwab_phqcwjdf\/"},"comment_info":0,"_links":{"self":[{"href":"https:\/\/fsrlogistik.de\/ru\/wp-json\/wp\/v2\/pages\/2456","targetHints":{"allow":["GET"]}}],"collection":[{"href":"https:\/\/fsrlogistik.de\/ru\/wp-json\/wp\/v2\/pages"}],"about":[{"href":"https:\/\/fsrlogistik.de\/ru\/wp-json\/wp\/v2\/types\/page"}],"author":[{"embeddable":true,"href":"https:\/\/fsrlogistik.de\/ru\/wp-json\/wp\/v2\/users\/1"}],"replies":[{"embeddable":true,"href":"https:\/\/fsrlogistik.de\/ru\/wp-json\/wp\/v2\/comments?post=2456"}],"version-history":[{"count":0,"href":"https:\/\/fsrlogistik.de\/ru\/wp-json\/wp\/v2\/pages\/2456\/revisions"}],"wp:attachment":[{"href":"https:\/\/fsrlogistik.de\/ru\/wp-json\/wp\/v2\/media?parent=2456"}],"curies":[{"name":"wp","href":"https:\/\/api.w.org\/{rel}","templated":true}]}}